{"id":59,"date":"2021-11-23T10:01:59","date_gmt":"2021-11-23T08:01:59","guid":{"rendered":"https:\/\/www.lasteaedvikerkaar.ee\/?page_id=59"},"modified":"2025-01-16T18:31:36","modified_gmt":"2025-01-16T15:31:36","slug":"tere","status":"publish","type":"page","link":"https:\/\/www.lasteaedvikerkaar.ee\/?page_id=59","title":{"rendered":"Lasteaiast"},"content":{"rendered":"\n<p>Vikerkaare lasteaed asutati 1967. aasta veebruaris raudteelaste lastep\u00e4evakoduna ja kandis numbrit 34. Tollal oli 6 r\u00fchma 140 lapsele ja \u00f5ppekeeleks oli vene keel. T\u00f6\u00f6tajaid oli 35 ringis.<\/p>\n\n\n\n<p>Alates 1992. aastast loeti raudteele kuulunud lastep\u00e4evakodud linnavalitsuse alluvuses olevateks ning lasteaed nimetati Tapa lasteaiaks nr 4.<\/p>\n\n\n\n<p>1994. aastast tegutseb lasteaed munitsipaalasutusena ja lasteaias avati \u00fcks eesti \u00f5ppekeelega liitr\u00fchm ning sellest ajast sammuvad meie lasteaias kaks kultuuri k\u00e4sik\u00e4es.<\/p>\n\n\n\n<p>Vikerkaare nime kannab lasteaed alates 1999. aasta teisest poolest. T\u00e4naseks oleme me \u00fcha rohkem Vikerkaare nime v\u00e4\u00e4rt, v\u00e4rvikad ja tegusad.<\/p>\n\n\n\n<p>Me v\u00e4\u00e4rtustame last, kahte kultuuri, kost\u00f6\u00f6d, hoolivust ja loovust. T\u00e4htsad on inimesed, muusika, teater ja liikumine.<\/p>\n\n\n\n<figure class=\"wp-block-image\"><a href=\"https:\/\/www.lasteaedvikerkaar.ee\/wp-content\/uploads\/2021\/11\/IMGP2499_-scaled.jpg\"><img decoding=\"async\" src=\"https:\/\/www.lasteaedvikerkaar.ee\/wp-content\/uploads\/2021\/11\/IMGP2499_-scaled.jpg\" alt=\"Tapa Lasteaed Vikerkaar Veski t\u00e4nava poolt vaadates\" class=\"wp-image-74\"\/><\/a><\/figure>\n\n\n\n<p>Meie lasteaias on viis r\u00fchma ja k\u00f5ik nad on erinevad. <\/p>\n\n\n\n<p>Hoolimata sellest, et t\u00f6\u00f6tajaid on meil alles ainult 23, v\u00f5ib n\u00e4ha imep\u00e4raselt tehtavat t\u00f6\u00f6d. Meil on tugev, \u00fchtehoidev, teineteist toetav ja r\u00f5\u00f5mus kollektiiv. Meil on uudishimulikud, r\u00f5\u00f5msad ja tegutseda tahtvad lapsed, toredad lapsevanemad. Meil on laste r\u00f5\u00f5m ja armastus.<\/p>\n\n\n\n<p>Lasteaias peab olema l\u00f5bus, sest r\u00f5\u00f5m tekitab omakorda r\u00f5\u00f5mu ja kui on hea tuju edeneb k\u00f5ik h\u00e4sti. R\u00f5\u00f5mu ning t\u00e4htp\u00e4evi mitmekultuurilises lasteaias aga jagub.<\/p>\n\n\n\n<div class=\"wp-block-group\"><div class=\"wp-block-group__inner-container is-layout-constrained wp-block-group-is-layout-constrained\">\n<div class=\"wp-block-media-text is-stacked-on-mobile\"><figure class=\"wp-block-media-text__media\"><img decoding=\"async\" src=\"https:\/\/lh7-rt.googleusercontent.com\/docsz\/AD_4nXf-v8sIG-trFX03YcM9471uxGD9eTDLKes7BYskQAusq-HUEak1PADopL5tsCk8PEbrE7mYoIfQsgEXgLP6Q10djzbfDgggy3C2pX3iAhlf_6ZGxquimvBqGyPCRQy6giRFO59mJ37_tn7gXfNUmbY?key=g4i7w0V1dTlGrZlLTRTkxdxw\" alt=\"C:\\Users\\i-chieyo\\Pictures\\Microsoft \u30af\u30ea\u30c3\u30d7 \u30aa\u30fc\u30ac\u30ca\u30a4\u30b6\\na00682_.wmf\"\/><\/figure><div class=\"wp-block-media-text__content\">\n<p><\/p>\n\n\n\n<div class=\"wp-block-group\"><div class=\"wp-block-group__inner-container is-layout-constrained wp-block-group-is-layout-constrained\">\n<p class=\"has-text-align-center has-vivid-red-color has-text-color has-link-color has-medium-font-size wp-elements-5f7bbf409af1ec88d8d970b6387f911d\"><strong>VIKERKAARE LAUL<\/strong><\/p>\n\n\n\n<p class=\"has-text-align-center has-luminous-vivid-orange-color has-text-color has-link-color has-medium-font-size wp-elements-f98e755213488fac40ec314cbb188171\"><strong>ON KAUNIS MUINASJUTUSAAR<\/strong><\/p>\n\n\n\n<p class=\"has-text-align-center has-luminous-vivid-amber-color has-text-color has-link-color has-medium-font-size wp-elements-ea3d49c0141b2c9c1eb5acefee795317\"><strong>MEIL TEISEKS KODUMAAKS-<\/strong><\/p>\n\n\n\n<p class=\"has-text-align-center has-vivid-green-cyan-color has-text-color has-link-color has-medium-font-size wp-elements-ec984614ef7ef3a53b1863363360ba6d\"><strong>ME LASTEAED, ME VIKERKAAR-<\/strong><\/p>\n\n\n\n<p class=\"has-text-align-center has-pale-cyan-blue-color has-text-color has-link-color has-medium-font-size wp-elements-a472ed24e0a46776aa9771137218a68e\"><strong>J\u00c4\u00c4B MEELDE ELUAJAKS!<\/strong><\/p>\n\n\n\n<p class=\"has-text-align-center has-vivid-cyan-blue-color has-text-color has-link-color has-medium-font-size wp-elements-d3a1c91a4b317b9919226008ff366fd6\"><strong>SIIT, MEIE VIKERKAARE ALT,<\/strong><\/p>\n\n\n\n<p class=\"has-text-align-center has-vivid-purple-color has-text-color has-link-color has-medium-font-size wp-elements-79032a0aadfd166e0aafa83d383d731f\"><strong>KUST P\u00c4IKE KAUNILT S\u00c4RAB,<\/strong><\/p>\n\n\n\n<p class=\"has-text-align-center has-vivid-red-color has-text-color has-link-color has-medium-font-size wp-elements-3961ba01690bb87fe6206071f8575692\"><strong>J\u00c4\u00c4B PAISTMA IKKA KUTSUVALT<\/strong><\/p>\n\n\n\n<p class=\"has-text-align-center has-luminous-vivid-orange-color has-text-color has-link-color has-medium-font-size wp-elements-bf8b72992870969a3b4e22e8dac54771\"><strong>ME TEINE KODUV\u00c4RAV.<\/strong><\/p>\n\n\n\n<p class=\"has-text-align-center has-luminous-vivid-amber-color has-text-color has-link-color has-medium-font-size wp-elements-e94f6d284ab739260b5d1a05c112b370\"><strong>SEE ON ME VIKERKAAR!<\/strong><\/p>\n\n\n\n<p class=\"has-text-align-center has-vivid-green-cyan-color has-text-color has-link-color has-medium-font-size wp-elements-c18078fbec418ba06e8ae836422690d9\"><strong>SIIN KAUNI VIKERKAARE ALL<\/strong><\/p>\n\n\n\n<p class=\"has-text-align-center has-pale-cyan-blue-color has-text-color has-link-color has-medium-font-size wp-elements-c92e970f8fb7e4bfd653b3f427587bbe\"><strong>ON KOOS VAID R\u00d5\u00d5MUS PERE,<\/strong><\/p>\n\n\n\n<p class=\"has-text-align-center has-vivid-cyan-blue-color has-text-color has-link-color has-medium-font-size wp-elements-056c22927553a8fd9e127ab5252bd180\"><strong>EI UNUNE SIIN TANTS JA TRALL,<\/strong><\/p>\n\n\n\n<p class=\"has-text-align-center has-vivid-purple-color has-text-color has-link-color has-medium-font-size wp-elements-97085e0915873daa0a17e937dbc61f45\"><strong>SIIN P\u00c4IKE \u00dcTLEB \u2013 TERE!<\/strong><\/p>\n\n\n\n<p class=\"has-text-align-center has-vivid-red-color has-text-color has-link-color has-medium-font-size wp-elements-39ae9cbef05f5348371a9b8ba7dbcbe7\"><strong>NII M\u00d6\u00d6DUB MEIE LAPSEP\u00d5LV,<\/strong><\/p>\n\n\n\n<p class=\"has-text-align-center has-luminous-vivid-orange-color has-text-color has-link-color has-medium-font-size wp-elements-cb6387fc1716c2f7b43a43a0c5b8a32a\"><strong>ME \u00d5PIME, MIS VAJA-<\/strong><\/p>\n\n\n\n<p class=\"has-text-align-center has-luminous-vivid-amber-color has-text-color has-link-color has-medium-font-size wp-elements-fefef1932ae18288eac556625ab39bb5\"><strong>SEAL, KUS ON MEIE K\u00dcNKAN\u00d5LV<\/strong><\/p>\n\n\n\n<p class=\"has-text-align-center has-vivid-green-cyan-color has-text-color has-link-color has-medium-font-size wp-elements-4748f5ca1f97a262b8c9c1c25bcd11ca\"><strong>JA VIKERKAARE MAJA!<\/strong><\/p>\n\n\n\n<p class=\"has-text-align-center has-pale-cyan-blue-color has-text-color has-link-color has-medium-font-size wp-elements-b7b4e4f6cca8e3a2a0f88b41249f5f52\"><strong>ME LASTEAED, ME R\u00d5\u00d5MU SAAR,<\/strong><\/p>\n\n\n\n<p class=\"has-text-align-center has-vivid-cyan-blue-color has-text-color has-link-color has-medium-font-size wp-elements-b5357acff3037acb751949d2cd6e0a51\"><strong>MEID SAADAB KOOLITEELE,<\/strong><\/p>\n\n\n\n<p class=\"has-text-align-center has-vivid-purple-color has-text-color has-link-color has-medium-font-size wp-elements-79e969360045a04cf758818dc4a7def0\"><strong>KUID VANA, ARMAS VIKERKAAR<\/strong><\/p>\n\n\n\n<p class=\"has-text-align-center has-vivid-red-color has-text-color has-link-color has-medium-font-size wp-elements-8efb32cad930a01873cd359e3d25f3ee\"><strong>MEIL IKKA M\u00d5LGUB MEELES<\/strong><\/p>\n\n\n\n<p class=\"has-text-align-center has-luminous-vivid-orange-color has-text-color has-link-color has-medium-font-size wp-elements-f2ec828c6aff5627531beceb7387315b\"><strong>KA SIIS, KUI SUUREKS KASVAME<\/strong><\/p>\n\n\n\n<p class=\"has-text-align-center has-luminous-vivid-amber-color has-text-color has-link-color has-medium-font-size wp-elements-ed8cab6a64c0a38748731a408764934e\"><strong>JA OMA KODU LOOME-<\/strong><\/p>\n\n\n\n<p class=\"has-text-align-center has-vivid-green-cyan-color has-text-color has-link-color has-medium-font-size wp-elements-e0588452d3d897bacfc1d0d59c4460f0\"><strong>K\u00c4EK\u00d5RVAL OMA LAPSED ME<\/strong><\/p>\n\n\n\n<p class=\"has-text-align-center has-pale-cyan-blue-color has-text-color has-link-color has-medium-font-size wp-elements-57510c532b9f719074e90fd9e7f81712\"><strong>K\u00d5IK VIKERKAARDE TOOME!<\/strong><\/p>\n<\/div><\/div>\n\n\n\n<p>(Erik Tohvri, Tiia Iva, Eliisa Elfenbein \u201cPilvehaldjad\u201d)<\/p>\n<\/div><\/div>\n\n\n\n<p class=\"has-text-align-center has-vivid-red-color has-text-color has-link-color has-medium-font-size wp-elements-2bd6c199d60e06db7fddb470296ee776\"><\/p>\n\n\n\n<p class=\"has-text-align-center has-luminous-vivid-orange-color has-text-color has-link-color has-medium-font-size wp-elements-ed3014e7d1f41551c8504d4a37738352\"><\/p>\n\n\n\n<p class=\"has-text-align-center has-vivid-purple-color has-text-color has-link-color has-medium-font-size wp-elements-9f14fc0ba800f2a9b2ea3707ed0e1a41\"><\/p>\n\n\n\n<p class=\"has-text-align-center has-vivid-green-cyan-color has-text-color has-link-color has-medium-font-size wp-elements-30062dcee85fbfbdcbe6f5a7fbfaf461\"><\/p>\n\n\n\n<p class=\"has-text-align-center has-vivid-red-color has-text-color has-link-color has-medium-font-size wp-elements-2bd6c199d60e06db7fddb470296ee776\"><\/p>\n\n\n\n<p class=\"has-text-align-center\"><\/p>\n<\/div><\/div>\n","protected":false},"excerpt":{"rendered":"<p>Vikerkaare lasteaed asutati 1967. aasta veebruaris raudteelaste lastep\u00e4evakoduna ja kandis numbrit 34. Tollal oli 6 r\u00fchma 140 lapsele ja \u00f5ppekeeleks oli vene keel. T\u00f6\u00f6tajaid oli 35 ringis. Alates 1992. aastast loeti raudteele kuulunud lastep\u00e4evakodud linnavalitsuse alluvuses olevateks ning lasteaed nimetati [&hellip;]<\/p>\n","protected":false},"author":1,"featured_media":0,"parent":0,"menu_order":0,"comment_status":"closed","ping_status":"closed","template":"","meta":{"ngg_post_thumbnail":0,"footnotes":""},"class_list":["post-59","page","type-page","status-publish","hentry"],"_links":{"self":[{"href":"https:\/\/www.lasteaedvikerkaar.ee\/index.php?rest_route=\/wp\/v2\/pages\/59","targetHints":{"allow":["GET"]}}],"collection":[{"href":"https:\/\/www.lasteaedvikerkaar.ee\/index.php?rest_route=\/wp\/v2\/pages"}],"about":[{"href":"https:\/\/www.lasteaedvikerkaar.ee\/index.php?rest_route=\/wp\/v2\/types\/page"}],"author":[{"embeddable":true,"href":"https:\/\/www.lasteaedvikerkaar.ee\/index.php?rest_route=\/wp\/v2\/users\/1"}],"replies":[{"embeddable":true,"href":"https:\/\/www.lasteaedvikerkaar.ee\/index.php?rest_route=%2Fwp%2Fv2%2Fcomments&post=59"}],"version-history":[{"count":14,"href":"https:\/\/www.lasteaedvikerkaar.ee\/index.php?rest_route=\/wp\/v2\/pages\/59\/revisions"}],"predecessor-version":[{"id":330,"href":"https:\/\/www.lasteaedvikerkaar.ee\/index.php?rest_route=\/wp\/v2\/pages\/59\/revisions\/330"}],"wp:attachment":[{"href":"https:\/\/www.lasteaedvikerkaar.ee\/index.php?rest_route=%2Fwp%2Fv2%2Fmedia&parent=59"}],"curies":[{"name":"wp","href":"https:\/\/api.w.org\/{rel}","templated":true}]}}