{"id":45,"date":"2021-11-23T08:40:41","date_gmt":"2021-11-23T06:40:41","guid":{"rendered":"https:\/\/www.lasteaedvikerkaar.ee\/?page_id=45"},"modified":"2026-01-06T14:21:05","modified_gmt":"2026-01-06T11:21:05","slug":"kontaktandmed","status":"publish","type":"page","link":"https:\/\/www.lasteaedvikerkaar.ee\/?page_id=45","title":{"rendered":"Kontaktandmed"},"content":{"rendered":"\n<h1 class=\"wp-block-heading\">Lasteaed Vikerkaar<\/h1>\n\n\n\n<p>Rg-kood 75019589<\/p>\n\n\n\n<p>\u00dcles\u00f5idu 3, Tapa<br>45108 L\u00e4\u00e4ne-Virumaa<\/p>\n\n\n\n<p>Telefon <a href=\"Tel:+37254740033\">5474 0033<\/a> (direktor), <a href=\"Tel:+37251946700\">5194 6700<\/a> (\u00f5ppejuht)<br>e-post vikerkaar@tapa.ee<\/p>\n\n\n\n<iframe src=\"https:\/\/www.google.com\/maps\/embed?pb=!1m18!1m12!1m3!1d2038.9412457485778!2d25.962439716129765!3d59.26713062305003!2m3!1f0!2f0!3f0!3m2!1i1024!2i768!4f13.1!3m3!1m2!1s0x4693126d4119f91f%3A0x509d95d460f74231!2sTapa%20Lasteaed%20Vikerkaar!5e0!3m2!1set!2see!4v1637649439275!5m2!1set!2see\" style=\"border:0;\" allowfullscreen=\"\" loading=\"lazy\" width=\"100%\" height=\"450\"><\/iframe>\n","protected":false},"excerpt":{"rendered":"<p>Lasteaed Vikerkaar Rg-kood 75019589 \u00dcles\u00f5idu 3, Tapa45108 L\u00e4\u00e4ne-Virumaa Telefon 5474 0033 (direktor), 5194 6700 (\u00f5ppejuht)e-post vikerkaar@tapa.ee<\/p>\n","protected":false},"author":1,"featured_media":0,"parent":0,"menu_order":0,"comment_status":"closed","ping_status":"closed","template":"","meta":{"ngg_post_thumbnail":0,"footnotes":""},"class_list":["post-45","page","type-page","status-publish","hentry"],"_links":{"self":[{"href":"https:\/\/www.lasteaedvikerkaar.ee\/index.php?rest_route=\/wp\/v2\/pages\/45","targetHints":{"allow":["GET"]}}],"collection":[{"href":"https:\/\/www.lasteaedvikerkaar.ee\/index.php?rest_route=\/wp\/v2\/pages"}],"about":[{"href":"https:\/\/www.lasteaedvikerkaar.ee\/index.php?rest_route=\/wp\/v2\/types\/page"}],"author":[{"embeddable":true,"href":"https:\/\/www.lasteaedvikerkaar.ee\/index.php?rest_route=\/wp\/v2\/users\/1"}],"replies":[{"embeddable":true,"href":"https:\/\/www.lasteaedvikerkaar.ee\/index.php?rest_route=%2Fwp%2Fv2%2Fcomments&post=45"}],"version-history":[{"count":9,"href":"https:\/\/www.lasteaedvikerkaar.ee\/index.php?rest_route=\/wp\/v2\/pages\/45\/revisions"}],"predecessor-version":[{"id":449,"href":"https:\/\/www.lasteaedvikerkaar.ee\/index.php?rest_route=\/wp\/v2\/pages\/45\/revisions\/449"}],"wp:attachment":[{"href":"https:\/\/www.lasteaedvikerkaar.ee\/index.php?rest_route=%2Fwp%2Fv2%2Fmedia&parent=45"}],"curies":[{"name":"wp","href":"https:\/\/api.w.org\/{rel}","templated":true}]}}