{"id":353,"date":"2025-01-17T16:27:47","date_gmt":"2025-01-17T13:27:47","guid":{"rendered":"https:\/\/www.lasteaedvikerkaar.ee\/?page_id=353"},"modified":"2025-01-17T16:27:48","modified_gmt":"2025-01-17T13:27:48","slug":"eestikeelsele-haridusele-uleminek","status":"publish","type":"page","link":"https:\/\/www.lasteaedvikerkaar.ee\/?page_id=353","title":{"rendered":"Eestikeelsele haridusele \u00fcleminek"},"content":{"rendered":"\n<p>Alates 2024 aasta septembrist on Vikerkaare lasteaias nagu ka k\u00f5igis teistes lasteaedades eestikeelne \u00f5pe. Eestikeelsele haridusele \u00fcleminekuks on lasteaial eestikeelsele haridusele \u00fclemineku kava, mille alusel t\u00f6\u00f6tame. Tapa piirkonna omap\u00e4raks on ajalooliselt kultuuriline mitmekesisus ja k\u00f5igis peredes ei ole suhtluskeeleks eesti keel. Seet\u00f5ttu p\u00fc\u00fcab lasteaed Vikerkaar\u00a0 igati toetada muukeelsete laste eesti keele \u00f5pet. Et m\u00f5ista teiste k\u00f5net, end arusaadavalt v\u00e4ljendada ja teadmisi omandada on vaja s\u00f5navara ja \u00f5pitud s\u00f5nade kasutamist igap\u00e4evastes tegevustes. Laps peab l\u00e4bi keele\u00f5ppe ja eesti keelsete tegevuste saama turvalise tunde suhtlemiseks ja \u00f5ppimiseks eestikeelses keskkonnas.\u00a0<br><\/p>\n","protected":false},"excerpt":{"rendered":"<p>Alates 2024 aasta septembrist on Vikerkaare lasteaias nagu ka k\u00f5igis teistes lasteaedades eestikeelne \u00f5pe. Eestikeelsele haridusele \u00fcleminekuks on lasteaial eestikeelsele haridusele \u00fclemineku kava, mille alusel t\u00f6\u00f6tame. Tapa piirkonna omap\u00e4raks on ajalooliselt kultuuriline mitmekesisus ja k\u00f5igis peredes ei ole suhtluskeeleks eesti [&hellip;]<\/p>\n","protected":false},"author":3,"featured_media":0,"parent":346,"menu_order":0,"comment_status":"closed","ping_status":"closed","template":"","meta":{"ngg_post_thumbnail":0,"footnotes":""},"class_list":["post-353","page","type-page","status-publish","hentry"],"_links":{"self":[{"href":"https:\/\/www.lasteaedvikerkaar.ee\/index.php?rest_route=\/wp\/v2\/pages\/353","targetHints":{"allow":["GET"]}}],"collection":[{"href":"https:\/\/www.lasteaedvikerkaar.ee\/index.php?rest_route=\/wp\/v2\/pages"}],"about":[{"href":"https:\/\/www.lasteaedvikerkaar.ee\/index.php?rest_route=\/wp\/v2\/types\/page"}],"author":[{"embeddable":true,"href":"https:\/\/www.lasteaedvikerkaar.ee\/index.php?rest_route=\/wp\/v2\/users\/3"}],"replies":[{"embeddable":true,"href":"https:\/\/www.lasteaedvikerkaar.ee\/index.php?rest_route=%2Fwp%2Fv2%2Fcomments&post=353"}],"version-history":[{"count":1,"href":"https:\/\/www.lasteaedvikerkaar.ee\/index.php?rest_route=\/wp\/v2\/pages\/353\/revisions"}],"predecessor-version":[{"id":354,"href":"https:\/\/www.lasteaedvikerkaar.ee\/index.php?rest_route=\/wp\/v2\/pages\/353\/revisions\/354"}],"up":[{"embeddable":true,"href":"https:\/\/www.lasteaedvikerkaar.ee\/index.php?rest_route=\/wp\/v2\/pages\/346"}],"wp:attachment":[{"href":"https:\/\/www.lasteaedvikerkaar.ee\/index.php?rest_route=%2Fwp%2Fv2%2Fmedia&parent=353"}],"curies":[{"name":"wp","href":"https:\/\/api.w.org\/{rel}","templated":true}]}}