{"id":287,"date":"2024-10-29T14:58:09","date_gmt":"2024-10-29T11:58:09","guid":{"rendered":"https:\/\/www.lasteaedvikerkaar.ee\/?page_id=287"},"modified":"2025-08-29T14:34:36","modified_gmt":"2025-08-29T11:34:36","slug":"roomutahed","status":"publish","type":"page","link":"https:\/\/www.lasteaedvikerkaar.ee\/?page_id=287","title":{"rendered":"R\u00d5\u00d5MUT\u00c4HED"},"content":{"rendered":"\n<p>1,5-3 aastased lapsed<\/p>\n\n\n\n<div class=\"wp-block-media-text is-stacked-on-mobile\"><figure class=\"wp-block-media-text__media\"><img loading=\"lazy\" decoding=\"async\" width=\"412\" height=\"417\" src=\"https:\/\/www.lasteaedvikerkaar.ee\/wp-content\/uploads\/2024\/10\/457352235_1995270374265685_3146238460795477587_n.jpg\" alt=\"\" class=\"wp-image-288 size-full\" srcset=\"https:\/\/www.lasteaedvikerkaar.ee\/wp-content\/uploads\/2024\/10\/457352235_1995270374265685_3146238460795477587_n.jpg 412w, https:\/\/www.lasteaedvikerkaar.ee\/wp-content\/uploads\/2024\/10\/457352235_1995270374265685_3146238460795477587_n-395x400.jpg 395w, https:\/\/www.lasteaedvikerkaar.ee\/wp-content\/uploads\/2024\/10\/457352235_1995270374265685_3146238460795477587_n-237x240.jpg 237w\" sizes=\"auto, (max-width: 412px) 100vw, 412px\" \/><\/figure><div class=\"wp-block-media-text__content\">\n<p>\u00d5petaja: Rita \u0160umljanski<\/p>\n\n\n\n<p>\u00d5petaja abi: Tatjana T\u0161uvpilo<\/p>\n\n\n\n<p>\u00d5petaja abi: Tatiana Grebenchuk<\/p>\n\n\n\n<p>Liikumis\u00f5petaja: Mari-Ann Bugri<\/p>\n\n\n\n<p>Muusika\u00f5petaja: Nelli Lepiste-Rannaveer<\/p>\n\n\n\n<p>Logopeed: Liliana Vall<\/p>\n\n\n\n<p>Eripedagoog: Kristin Naarits<\/p>\n\n\n\n<p>R\u00fchma telefon: 53032466<\/p>\n\n\n\n<p><\/p>\n<\/div><\/div>\n\n\n\n<p><\/p>\n","protected":false},"excerpt":{"rendered":"<p>1,5-3 aastased lapsed \u00d5petaja: Rita \u0160umljanski \u00d5petaja abi: Tatjana T\u0161uvpilo \u00d5petaja abi: Tatiana Grebenchuk Liikumis\u00f5petaja: Mari-Ann Bugri Muusika\u00f5petaja: Nelli Lepiste-Rannaveer Logopeed: Liliana Vall Eripedagoog: Kristin Naarits R\u00fchma telefon: 53032466<\/p>\n","protected":false},"author":3,"featured_media":0,"parent":0,"menu_order":0,"comment_status":"closed","ping_status":"closed","template":"","meta":{"ngg_post_thumbnail":0,"footnotes":""},"class_list":["post-287","page","type-page","status-publish","hentry"],"_links":{"self":[{"href":"https:\/\/www.lasteaedvikerkaar.ee\/index.php?rest_route=\/wp\/v2\/pages\/287","targetHints":{"allow":["GET"]}}],"collection":[{"href":"https:\/\/www.lasteaedvikerkaar.ee\/index.php?rest_route=\/wp\/v2\/pages"}],"about":[{"href":"https:\/\/www.lasteaedvikerkaar.ee\/index.php?rest_route=\/wp\/v2\/types\/page"}],"author":[{"embeddable":true,"href":"https:\/\/www.lasteaedvikerkaar.ee\/index.php?rest_route=\/wp\/v2\/users\/3"}],"replies":[{"embeddable":true,"href":"https:\/\/www.lasteaedvikerkaar.ee\/index.php?rest_route=%2Fwp%2Fv2%2Fcomments&post=287"}],"version-history":[{"count":4,"href":"https:\/\/www.lasteaedvikerkaar.ee\/index.php?rest_route=\/wp\/v2\/pages\/287\/revisions"}],"predecessor-version":[{"id":415,"href":"https:\/\/www.lasteaedvikerkaar.ee\/index.php?rest_route=\/wp\/v2\/pages\/287\/revisions\/415"}],"wp:attachment":[{"href":"https:\/\/www.lasteaedvikerkaar.ee\/index.php?rest_route=%2Fwp%2Fv2%2Fmedia&parent=287"}],"curies":[{"name":"wp","href":"https:\/\/api.w.org\/{rel}","templated":true}]}}