{"id":278,"date":"2024-10-29T14:48:51","date_gmt":"2024-10-29T11:48:51","guid":{"rendered":"https:\/\/www.lasteaedvikerkaar.ee\/?page_id=278"},"modified":"2025-08-29T14:35:13","modified_gmt":"2025-08-29T11:35:13","slug":"volukiired","status":"publish","type":"page","link":"https:\/\/www.lasteaedvikerkaar.ee\/?page_id=278","title":{"rendered":"V\u00d5LUKIIRED"},"content":{"rendered":"\n<p>6-7 aastased lapsed<\/p>\n\n\n\n<div class=\"wp-block-media-text is-stacked-on-mobile\"><figure class=\"wp-block-media-text__media\"><img loading=\"lazy\" decoding=\"async\" width=\"564\" height=\"987\" src=\"https:\/\/www.lasteaedvikerkaar.ee\/wp-content\/uploads\/2024\/10\/461318853_2694830690700122_9110305877460185921_n.jpg\" alt=\"\" class=\"wp-image-279 size-full\" srcset=\"https:\/\/www.lasteaedvikerkaar.ee\/wp-content\/uploads\/2024\/10\/461318853_2694830690700122_9110305877460185921_n.jpg 564w, https:\/\/www.lasteaedvikerkaar.ee\/wp-content\/uploads\/2024\/10\/461318853_2694830690700122_9110305877460185921_n-229x400.jpg 229w, https:\/\/www.lasteaedvikerkaar.ee\/wp-content\/uploads\/2024\/10\/461318853_2694830690700122_9110305877460185921_n-137x240.jpg 137w\" sizes=\"auto, (max-width: 564px) 100vw, 564px\" \/><\/figure><div class=\"wp-block-media-text__content\">\n<p>\u00d5petaja: Tiia Uudeberg<\/p>\n\n\n\n<p>\u00d5petaja assistent: Jelena Rudenene<\/p>\n\n\n\n<p>\u00d5petaja abi: Jelena Semjonova<\/p>\n\n\n\n<p>Liikumis\u00f5petaja: Mari-Ann Bugri<\/p>\n\n\n\n<p>Muusika\u00f5petaja: Nelli Lepiste-Rannaveer<\/p>\n\n\n\n<p>Logopeed: Liliana Vall<\/p>\n\n\n\n<p>Eripedagoog: Kristin Naarits<\/p>\n\n\n\n<p>R\u00fchma telefon: 53044496<\/p>\n\n\n\n<p><\/p>\n<\/div><\/div>\n","protected":false},"excerpt":{"rendered":"<p>6-7 aastased lapsed \u00d5petaja: Tiia Uudeberg \u00d5petaja assistent: Jelena Rudenene \u00d5petaja abi: Jelena Semjonova Liikumis\u00f5petaja: Mari-Ann Bugri Muusika\u00f5petaja: Nelli Lepiste-Rannaveer Logopeed: Liliana Vall Eripedagoog: Kristin Naarits R\u00fchma telefon: 53044496<\/p>\n","protected":false},"author":3,"featured_media":0,"parent":0,"menu_order":0,"comment_status":"closed","ping_status":"closed","template":"","meta":{"ngg_post_thumbnail":0,"footnotes":""},"class_list":["post-278","page","type-page","status-publish","hentry"],"_links":{"self":[{"href":"https:\/\/www.lasteaedvikerkaar.ee\/index.php?rest_route=\/wp\/v2\/pages\/278","targetHints":{"allow":["GET"]}}],"collection":[{"href":"https:\/\/www.lasteaedvikerkaar.ee\/index.php?rest_route=\/wp\/v2\/pages"}],"about":[{"href":"https:\/\/www.lasteaedvikerkaar.ee\/index.php?rest_route=\/wp\/v2\/types\/page"}],"author":[{"embeddable":true,"href":"https:\/\/www.lasteaedvikerkaar.ee\/index.php?rest_route=\/wp\/v2\/users\/3"}],"replies":[{"embeddable":true,"href":"https:\/\/www.lasteaedvikerkaar.ee\/index.php?rest_route=%2Fwp%2Fv2%2Fcomments&post=278"}],"version-history":[{"count":4,"href":"https:\/\/www.lasteaedvikerkaar.ee\/index.php?rest_route=\/wp\/v2\/pages\/278\/revisions"}],"predecessor-version":[{"id":416,"href":"https:\/\/www.lasteaedvikerkaar.ee\/index.php?rest_route=\/wp\/v2\/pages\/278\/revisions\/416"}],"wp:attachment":[{"href":"https:\/\/www.lasteaedvikerkaar.ee\/index.php?rest_route=%2Fwp%2Fv2%2Fmedia&parent=278"}],"curies":[{"name":"wp","href":"https:\/\/api.w.org\/{rel}","templated":true}]}}