{"id":274,"date":"2024-10-29T14:43:48","date_gmt":"2024-10-29T11:43:48","guid":{"rendered":"https:\/\/www.lasteaedvikerkaar.ee\/?page_id=274"},"modified":"2025-08-29T14:33:55","modified_gmt":"2025-08-29T11:33:55","slug":"naerupilved","status":"publish","type":"page","link":"https:\/\/www.lasteaedvikerkaar.ee\/?page_id=274","title":{"rendered":"NAERUPILVED"},"content":{"rendered":"\n<p>5-6 aastased lapsed<\/p>\n\n\n\n<div class=\"wp-block-media-text is-stacked-on-mobile\"><figure class=\"wp-block-media-text__media\"><img loading=\"lazy\" decoding=\"async\" width=\"539\" height=\"359\" src=\"https:\/\/www.lasteaedvikerkaar.ee\/wp-content\/uploads\/2024\/10\/460930008_122095076978547968_895942051895067888_n.jpg\" alt=\"\" class=\"wp-image-275 size-full\" srcset=\"https:\/\/www.lasteaedvikerkaar.ee\/wp-content\/uploads\/2024\/10\/460930008_122095076978547968_895942051895067888_n.jpg 539w, https:\/\/www.lasteaedvikerkaar.ee\/wp-content\/uploads\/2024\/10\/460930008_122095076978547968_895942051895067888_n-400x266.jpg 400w, https:\/\/www.lasteaedvikerkaar.ee\/wp-content\/uploads\/2024\/10\/460930008_122095076978547968_895942051895067888_n-240x160.jpg 240w\" sizes=\"auto, (max-width: 539px) 100vw, 539px\" \/><\/figure><div class=\"wp-block-media-text__content\">\n<p>\u00d5petaja &#8211; Elena Varavina<\/p>\n\n\n\n<p>\u00d5petaja assistent &#8211; Evely Negus<\/p>\n\n\n\n<p>\u00d5petaja abi &#8211; Oksana Sahno<\/p>\n\n\n\n<p>Liikumis\u00f5petaja &#8211; Mari-Ann Bugri<\/p>\n\n\n\n<p>Muusika\u00f5petaja &#8211; Nelli Lepiste-Rannaveer<\/p>\n\n\n\n<p>Logopeed &#8211; Liliana Vall<\/p>\n\n\n\n<p>Eripedagoog: Kristin Naarits<\/p>\n\n\n\n<p>R\u00fchma telefon &#8211; 53816600<\/p>\n\n\n\n<p><\/p>\n\n\n\n<p><\/p>\n<\/div><\/div>\n\n\n\n<p><\/p>\n","protected":false},"excerpt":{"rendered":"<p>5-6 aastased lapsed \u00d5petaja &#8211; Elena Varavina \u00d5petaja assistent &#8211; Evely Negus \u00d5petaja abi &#8211; Oksana Sahno Liikumis\u00f5petaja &#8211; Mari-Ann Bugri Muusika\u00f5petaja &#8211; Nelli Lepiste-Rannaveer Logopeed &#8211; Liliana Vall Eripedagoog: Kristin Naarits R\u00fchma telefon &#8211; 53816600<\/p>\n","protected":false},"author":3,"featured_media":0,"parent":0,"menu_order":0,"comment_status":"closed","ping_status":"closed","template":"","meta":{"ngg_post_thumbnail":0,"footnotes":""},"class_list":["post-274","page","type-page","status-publish","hentry"],"_links":{"self":[{"href":"https:\/\/www.lasteaedvikerkaar.ee\/index.php?rest_route=\/wp\/v2\/pages\/274","targetHints":{"allow":["GET"]}}],"collection":[{"href":"https:\/\/www.lasteaedvikerkaar.ee\/index.php?rest_route=\/wp\/v2\/pages"}],"about":[{"href":"https:\/\/www.lasteaedvikerkaar.ee\/index.php?rest_route=\/wp\/v2\/types\/page"}],"author":[{"embeddable":true,"href":"https:\/\/www.lasteaedvikerkaar.ee\/index.php?rest_route=\/wp\/v2\/users\/3"}],"replies":[{"embeddable":true,"href":"https:\/\/www.lasteaedvikerkaar.ee\/index.php?rest_route=%2Fwp%2Fv2%2Fcomments&post=274"}],"version-history":[{"count":7,"href":"https:\/\/www.lasteaedvikerkaar.ee\/index.php?rest_route=\/wp\/v2\/pages\/274\/revisions"}],"predecessor-version":[{"id":414,"href":"https:\/\/www.lasteaedvikerkaar.ee\/index.php?rest_route=\/wp\/v2\/pages\/274\/revisions\/414"}],"wp:attachment":[{"href":"https:\/\/www.lasteaedvikerkaar.ee\/index.php?rest_route=%2Fwp%2Fv2%2Fmedia&parent=274"}],"curies":[{"name":"wp","href":"https:\/\/api.w.org\/{rel}","templated":true}]}}