{"id":271,"date":"2024-10-29T13:00:20","date_gmt":"2024-10-29T10:00:20","guid":{"rendered":"https:\/\/www.lasteaedvikerkaar.ee\/?page_id=271"},"modified":"2025-08-29T14:33:21","modified_gmt":"2025-08-29T11:33:21","slug":"paikesetapid","status":"publish","type":"page","link":"https:\/\/www.lasteaedvikerkaar.ee\/?page_id=271","title":{"rendered":"P\u00c4IKESET\u00c4PID"},"content":{"rendered":"\n<p>4-5 aastased lapsed<\/p>\n\n\n\n<div class=\"wp-block-media-text is-stacked-on-mobile\"><figure class=\"wp-block-media-text__media\"><img loading=\"lazy\" decoding=\"async\" width=\"734\" height=\"701\" src=\"https:\/\/www.lasteaedvikerkaar.ee\/wp-content\/uploads\/2024\/10\/1000004892.jpg\" alt=\"\" class=\"wp-image-293 size-full\" srcset=\"https:\/\/www.lasteaedvikerkaar.ee\/wp-content\/uploads\/2024\/10\/1000004892.jpg 734w, https:\/\/www.lasteaedvikerkaar.ee\/wp-content\/uploads\/2024\/10\/1000004892-400x382.jpg 400w, https:\/\/www.lasteaedvikerkaar.ee\/wp-content\/uploads\/2024\/10\/1000004892-240x229.jpg 240w\" sizes=\"auto, (max-width: 734px) 100vw, 734px\" \/><\/figure><div class=\"wp-block-media-text__content\">\n<p>\u00d5petaja: Karis \u00dcksv\u00e4rav<\/p>\n\n\n\n<p>\u00d5petaja assistent: Siret Kadakas<\/p>\n\n\n\n<p>\u00d5petaja abi: Aleksandra Trubkina<\/p>\n\n\n\n<p>Liikumis\u00f5petaja: Mari-Ann Bugri<\/p>\n\n\n\n<p>Muusika\u00f5petaja: Nelli Lepiste-Rannaveer<\/p>\n\n\n\n<p>Logopeed: Liliana Vall<\/p>\n\n\n\n<p>Eripedagoog: Kristin Naarits<\/p>\n\n\n\n<p>R\u00fchma telefon: 53811389<\/p>\n<\/div><\/div>\n","protected":false},"excerpt":{"rendered":"<p>4-5 aastased lapsed \u00d5petaja: Karis \u00dcksv\u00e4rav \u00d5petaja assistent: Siret Kadakas \u00d5petaja abi: Aleksandra Trubkina Liikumis\u00f5petaja: Mari-Ann Bugri Muusika\u00f5petaja: Nelli Lepiste-Rannaveer Logopeed: Liliana Vall Eripedagoog: Kristin Naarits R\u00fchma telefon: 53811389<\/p>\n","protected":false},"author":3,"featured_media":0,"parent":0,"menu_order":0,"comment_status":"closed","ping_status":"closed","template":"","meta":{"ngg_post_thumbnail":0,"footnotes":""},"class_list":["post-271","page","type-page","status-publish","hentry"],"_links":{"self":[{"href":"https:\/\/www.lasteaedvikerkaar.ee\/index.php?rest_route=\/wp\/v2\/pages\/271","targetHints":{"allow":["GET"]}}],"collection":[{"href":"https:\/\/www.lasteaedvikerkaar.ee\/index.php?rest_route=\/wp\/v2\/pages"}],"about":[{"href":"https:\/\/www.lasteaedvikerkaar.ee\/index.php?rest_route=\/wp\/v2\/types\/page"}],"author":[{"embeddable":true,"href":"https:\/\/www.lasteaedvikerkaar.ee\/index.php?rest_route=\/wp\/v2\/users\/3"}],"replies":[{"embeddable":true,"href":"https:\/\/www.lasteaedvikerkaar.ee\/index.php?rest_route=%2Fwp%2Fv2%2Fcomments&post=271"}],"version-history":[{"count":6,"href":"https:\/\/www.lasteaedvikerkaar.ee\/index.php?rest_route=\/wp\/v2\/pages\/271\/revisions"}],"predecessor-version":[{"id":413,"href":"https:\/\/www.lasteaedvikerkaar.ee\/index.php?rest_route=\/wp\/v2\/pages\/271\/revisions\/413"}],"wp:attachment":[{"href":"https:\/\/www.lasteaedvikerkaar.ee\/index.php?rest_route=%2Fwp%2Fv2%2Fmedia&parent=271"}],"curies":[{"name":"wp","href":"https:\/\/api.w.org\/{rel}","templated":true}]}}