{"id":266,"date":"2024-10-29T12:55:41","date_gmt":"2024-10-29T09:55:41","guid":{"rendered":"https:\/\/www.lasteaedvikerkaar.ee\/?page_id=266"},"modified":"2025-09-05T15:05:14","modified_gmt":"2025-09-05T12:05:14","slug":"parlipiisad","status":"publish","type":"page","link":"https:\/\/www.lasteaedvikerkaar.ee\/?page_id=266","title":{"rendered":"P\u00c4RLIPIISAD"},"content":{"rendered":"\n<p>3-4 aastased lapsed<\/p>\n\n\n\n<div class=\"wp-block-media-text is-stacked-on-mobile\"><figure class=\"wp-block-media-text__media\"><img loading=\"lazy\" decoding=\"async\" width=\"1600\" height=\"1592\" src=\"https:\/\/www.lasteaedvikerkaar.ee\/wp-content\/uploads\/2025\/09\/Parlipiisad.jpg\" alt=\"\" class=\"wp-image-418 size-full\" srcset=\"https:\/\/www.lasteaedvikerkaar.ee\/wp-content\/uploads\/2025\/09\/Parlipiisad.jpg 1600w, https:\/\/www.lasteaedvikerkaar.ee\/wp-content\/uploads\/2025\/09\/Parlipiisad-400x398.jpg 400w, https:\/\/www.lasteaedvikerkaar.ee\/wp-content\/uploads\/2025\/09\/Parlipiisad-240x240.jpg 240w, https:\/\/www.lasteaedvikerkaar.ee\/wp-content\/uploads\/2025\/09\/Parlipiisad-768x764.jpg 768w, https:\/\/www.lasteaedvikerkaar.ee\/wp-content\/uploads\/2025\/09\/Parlipiisad-1536x1528.jpg 1536w\" sizes=\"auto, (max-width: 1600px) 100vw, 1600px\" \/><\/figure><div class=\"wp-block-media-text__content\">\n<p>\u00d5petaja: Diana Kruuser<\/p>\n\n\n\n<p>\u00d5petaja assistent: Ksenia Potapova<\/p>\n\n\n\n<p>\u00d5petaja abi: Jelena Samsonova<\/p>\n\n\n\n<p>Liikumis\u00f5petaja: Mari-Ann Bugri<\/p>\n\n\n\n<p>Muusika\u00f5petaja: Nelli Lepiste-Rannaveer<\/p>\n\n\n\n<p>Logopeed: Liliana Vall<\/p>\n\n\n\n<p>Eripedagoog: Kristin Naarits<\/p>\n\n\n\n<p>R\u00fchma telefon: 53821653<\/p>\n\n\n\n<p><\/p>\n<\/div><\/div>\n\n\n\n<p><\/p>\n\n\n\n<p><\/p>\n","protected":false},"excerpt":{"rendered":"<p>3-4 aastased lapsed \u00d5petaja: Diana Kruuser \u00d5petaja assistent: Ksenia Potapova \u00d5petaja abi: Jelena Samsonova Liikumis\u00f5petaja: Mari-Ann Bugri Muusika\u00f5petaja: Nelli Lepiste-Rannaveer Logopeed: Liliana Vall Eripedagoog: Kristin Naarits R\u00fchma telefon: 53821653<\/p>\n","protected":false},"author":3,"featured_media":0,"parent":0,"menu_order":0,"comment_status":"closed","ping_status":"closed","template":"","meta":{"ngg_post_thumbnail":0,"footnotes":""},"class_list":["post-266","page","type-page","status-publish","hentry"],"_links":{"self":[{"href":"https:\/\/www.lasteaedvikerkaar.ee\/index.php?rest_route=\/wp\/v2\/pages\/266","targetHints":{"allow":["GET"]}}],"collection":[{"href":"https:\/\/www.lasteaedvikerkaar.ee\/index.php?rest_route=\/wp\/v2\/pages"}],"about":[{"href":"https:\/\/www.lasteaedvikerkaar.ee\/index.php?rest_route=\/wp\/v2\/types\/page"}],"author":[{"embeddable":true,"href":"https:\/\/www.lasteaedvikerkaar.ee\/index.php?rest_route=\/wp\/v2\/users\/3"}],"replies":[{"embeddable":true,"href":"https:\/\/www.lasteaedvikerkaar.ee\/index.php?rest_route=%2Fwp%2Fv2%2Fcomments&post=266"}],"version-history":[{"count":8,"href":"https:\/\/www.lasteaedvikerkaar.ee\/index.php?rest_route=\/wp\/v2\/pages\/266\/revisions"}],"predecessor-version":[{"id":419,"href":"https:\/\/www.lasteaedvikerkaar.ee\/index.php?rest_route=\/wp\/v2\/pages\/266\/revisions\/419"}],"wp:attachment":[{"href":"https:\/\/www.lasteaedvikerkaar.ee\/index.php?rest_route=%2Fwp%2Fv2%2Fmedia&parent=266"}],"curies":[{"name":"wp","href":"https:\/\/api.w.org\/{rel}","templated":true}]}}