{"id":153,"date":"2022-04-18T12:18:07","date_gmt":"2022-04-18T10:18:07","guid":{"rendered":"https:\/\/www.lasteaedvikerkaar.ee\/?page_id=153"},"modified":"2026-03-12T17:02:03","modified_gmt":"2026-03-12T14:02:03","slug":"hoolekogu","status":"publish","type":"page","link":"https:\/\/www.lasteaedvikerkaar.ee\/?page_id=153","title":{"rendered":"Hoolekogu"},"content":{"rendered":"\n<p>Hoolekogu koosseis 2025\/2026 \u00f5ppeaastal<\/p>\n\n\n\n<figure class=\"wp-block-table is-style-stripes\"><table><tbody><tr><td>R\u00fchm<\/td><td>Esindaja<\/td><\/tr><tr><td>P\u00e4rlipiisad<\/td><td>Keitlin R\u00e4ni<\/td><\/tr><tr><td>P\u00e4ikeset\u00e4pid<\/td><td>Marlen Jalast<\/td><\/tr><tr><td>Naerupilved<\/td><td>Mairi Korbe<\/td><\/tr><tr><td>V\u00f5lukiired<\/td><td>Anette Laur<\/td><\/tr><tr><td>R\u00f5\u00f5mut\u00e4hed<\/td><td>Jevgenia Veiherman<\/td><\/tr><tr><td>\u00d5petajate esindaja<\/td><td>Rita \u0160umljanski<\/td><\/tr><\/tbody><\/table><\/figure>\n","protected":false},"excerpt":{"rendered":"<p>Hoolekogu koosseis 2025\/2026 \u00f5ppeaastal R\u00fchm Esindaja P\u00e4rlipiisad Keitlin R\u00e4ni P\u00e4ikeset\u00e4pid Marlen Jalast Naerupilved Mairi Korbe V\u00f5lukiired Anette Laur R\u00f5\u00f5mut\u00e4hed Jevgenia Veiherman \u00d5petajate esindaja Rita \u0160umljanski<\/p>\n","protected":false},"author":3,"featured_media":0,"parent":0,"menu_order":0,"comment_status":"closed","ping_status":"closed","template":"","meta":{"ngg_post_thumbnail":0,"footnotes":""},"class_list":["post-153","page","type-page","status-publish","hentry"],"_links":{"self":[{"href":"https:\/\/www.lasteaedvikerkaar.ee\/index.php?rest_route=\/wp\/v2\/pages\/153","targetHints":{"allow":["GET"]}}],"collection":[{"href":"https:\/\/www.lasteaedvikerkaar.ee\/index.php?rest_route=\/wp\/v2\/pages"}],"about":[{"href":"https:\/\/www.lasteaedvikerkaar.ee\/index.php?rest_route=\/wp\/v2\/types\/page"}],"author":[{"embeddable":true,"href":"https:\/\/www.lasteaedvikerkaar.ee\/index.php?rest_route=\/wp\/v2\/users\/3"}],"replies":[{"embeddable":true,"href":"https:\/\/www.lasteaedvikerkaar.ee\/index.php?rest_route=%2Fwp%2Fv2%2Fcomments&post=153"}],"version-history":[{"count":6,"href":"https:\/\/www.lasteaedvikerkaar.ee\/index.php?rest_route=\/wp\/v2\/pages\/153\/revisions"}],"predecessor-version":[{"id":451,"href":"https:\/\/www.lasteaedvikerkaar.ee\/index.php?rest_route=\/wp\/v2\/pages\/153\/revisions\/451"}],"wp:attachment":[{"href":"https:\/\/www.lasteaedvikerkaar.ee\/index.php?rest_route=%2Fwp%2Fv2%2Fmedia&parent=153"}],"curies":[{"name":"wp","href":"https:\/\/api.w.org\/{rel}","templated":true}]}}