{"id":133,"date":"2023-09-20T20:24:50","date_gmt":"2023-09-20T17:24:50","guid":{"rendered":"https:\/\/www.lasteaedvikerkaar.ee\/?page_id=133"},"modified":"2026-01-06T13:23:34","modified_gmt":"2026-01-06T10:23:34","slug":"lastevanematele","status":"publish","type":"page","link":"https:\/\/www.lasteaedvikerkaar.ee\/?page_id=133","title":{"rendered":"Avalduste esitamine"},"content":{"rendered":"\n<p><em><strong>LASTEAEDA VASTUV\u00d5TMISE JA KOHAST LOOBUMISE AVALDUS<\/strong><\/em><\/p>\n\n\n\n<p>Lasteaeda registreerimise avaldus on v\u00f5imalik teha <a href=\"https:\/\/spoku.tapa.ee\/index.php?module=207&amp;op=0\">SPOKU keskkonnas<\/a> v\u00f5i paberkandjal esitamiseks on blankett leitav <a href=\"https:\/\/www.lasteaedvikerkaar.ee\/wp-content\/uploads\/2025\/01\/TAOTLUS-TAPA-VALLA-LASTEAEDA-REGISTREERIMISEKS.docx.pdf\">siit.<\/a><\/p>\n\n\n\n<p><a href=\"https:\/\/spoku.tapa.ee\/index.php?module=207&amp;op=0\">SPOKU keskkonnas<\/a> on v\u00f5imalik digitaalselt esitada ka lasteaiast v\u00e4lja arvamise avaldust ning kohatasust vabastamise avaldust kuni 2 kuuks.<\/p>\n\n\n\n<p><\/p>\n\n\n\n<p><em><strong>KOHATASU SOODUSTUS<\/strong><\/em><\/p>\n\n\n\n<p>Tapa valla koolieelsetes lasteasutustes k\u00e4ivate laste vanematele rakenduvad alates 1. jaanuarist 2023 allj\u00e4rgnevad soodustused:<\/p>\n\n\n\n<p><em>\u00a7 3. Osalustasu soodustus<\/em><\/p>\n\n\n\n<p>(1) Kui \u00fchest perest k\u00e4ib lasteasutuses \u00fcheaegselt kaks last, siis teise lapse eest on osalustasu suurus 3%* t\u00f6\u00f6tasu alamm\u00e4\u00e4rast.<\/p>\n\n\n\n<p>(2) Kui \u00fchest perest k\u00e4ib lasteasutuses \u00fcheaegselt kolm v\u00f5i enam last, siis on teise lapse osalustasu 3%* t\u00f6\u00f6tasu alamm\u00e4\u00e4rast ning kolmanda ja j\u00e4rgneva lapse eest osalustasu maksma ei pea.<\/p>\n\n\n\n<p>*2026. aastal v\u00f5etakse aluseks 2025. aasta t\u00f6\u00f6tasu alamm\u00e4\u00e4r (886 eurot), millest 3% on 26 eurot.<\/p>\n\n\n\n<p>Soodustuse saamiseks esitab vanem e-taotluse veebilehe\u00a0<a href=\"https:\/\/www.tapa.ee\/toiming\/lapse-koolieelse-lasteasutuse-kohatasu-soodustus\">https:\/\/www.tapa.ee\/toiming\/lapse-koolieelse-lasteasutuse-kohatasu-soodustus<\/a>\u00a0.<\/p>\n\n\n\n<p>Soodustusi saab taotleda juhul, kui laste ja vanema(te) elukoht on rahvastikuregistri andmetel Tapa vald. Vallavalitsusel on \u00f5igus kontrollida avalduses esitatud andmete \u00f5igsust.<\/p>\n\n\n\n<p><\/p>\n","protected":false},"excerpt":{"rendered":"<p>LASTEAEDA VASTUV\u00d5TMISE JA KOHAST LOOBUMISE AVALDUS Lasteaeda registreerimise avaldus on v\u00f5imalik teha SPOKU keskkonnas v\u00f5i paberkandjal esitamiseks on blankett leitav siit. SPOKU keskkonnas on v\u00f5imalik digitaalselt esitada ka lasteaiast v\u00e4lja arvamise avaldust ning kohatasust vabastamise avaldust kuni 2 kuuks. KOHATASU [&hellip;]<\/p>\n","protected":false},"author":2,"featured_media":0,"parent":0,"menu_order":0,"comment_status":"closed","ping_status":"closed","template":"","meta":{"ngg_post_thumbnail":0,"footnotes":""},"class_list":["post-133","page","type-page","status-publish","hentry"],"_links":{"self":[{"href":"https:\/\/www.lasteaedvikerkaar.ee\/index.php?rest_route=\/wp\/v2\/pages\/133","targetHints":{"allow":["GET"]}}],"collection":[{"href":"https:\/\/www.lasteaedvikerkaar.ee\/index.php?rest_route=\/wp\/v2\/pages"}],"about":[{"href":"https:\/\/www.lasteaedvikerkaar.ee\/index.php?rest_route=\/wp\/v2\/types\/page"}],"author":[{"embeddable":true,"href":"https:\/\/www.lasteaedvikerkaar.ee\/index.php?rest_route=\/wp\/v2\/users\/2"}],"replies":[{"embeddable":true,"href":"https:\/\/www.lasteaedvikerkaar.ee\/index.php?rest_route=%2Fwp%2Fv2%2Fcomments&post=133"}],"version-history":[{"count":12,"href":"https:\/\/www.lasteaedvikerkaar.ee\/index.php?rest_route=\/wp\/v2\/pages\/133\/revisions"}],"predecessor-version":[{"id":435,"href":"https:\/\/www.lasteaedvikerkaar.ee\/index.php?rest_route=\/wp\/v2\/pages\/133\/revisions\/435"}],"wp:attachment":[{"href":"https:\/\/www.lasteaedvikerkaar.ee\/index.php?rest_route=%2Fwp%2Fv2%2Fmedia&parent=133"}],"curies":[{"name":"wp","href":"https:\/\/api.w.org\/{rel}","templated":true}]}}