{"id":123,"date":"2022-04-11T12:34:28","date_gmt":"2022-04-11T10:34:28","guid":{"rendered":"https:\/\/www.lasteaedvikerkaar.ee\/?page_id=123"},"modified":"2026-01-06T14:15:36","modified_gmt":"2026-01-06T11:15:36","slug":"personal","status":"publish","type":"page","link":"https:\/\/www.lasteaedvikerkaar.ee\/?page_id=123","title":{"rendered":"Personal"},"content":{"rendered":"\n<figure class=\"wp-block-table is-style-stripes\"><table><thead><tr><th>Nimi<\/th><th>Amet<\/th><\/tr><\/thead><tbody><tr><td>LII JAIRUS<\/td><td>direktor<\/td><\/tr><tr><td>KRISTIN NAARITS<\/td><td>\u00f5ppejuht, eripedagoog<\/td><\/tr><tr><td>LILIANA VALL<\/td><td>logopeed<\/td><\/tr><tr><td>NELLI LEPISTE-RANNAVEER<\/td><td>muusika\u00f5petaja<\/td><\/tr><tr><td>MARI-ANN BUGRI<\/td><td>liikumis\u00f5petaja<\/td><\/tr><tr><td>TIIA UUDEBERG<\/td><td>lasteaia\u00f5petaja<\/td><\/tr><tr><td>RITA \u0160UMLJANSKI<\/td><td>lasteaia\u00f5petaja, eesti keele \u00f5petaja<\/td><\/tr><tr><td>KARIS \u00dcKSV\u00c4RAV<\/td><td>lasteaia\u00f5petaja<\/td><\/tr><tr><td>ELENA VARAVINA<\/td><td>lasteaia\u00f5petaja<\/td><\/tr><tr><td>DIANA KRUUSER<\/td><td>lasteaia\u00f5petaja<\/td><\/tr><tr><td>EVELY NEGUS <\/td><td>\u00f5petaja assistent<\/td><\/tr><tr><td>JELENA RUDENENE<\/td><td>\u00f5petaja assistent<\/td><\/tr><tr><td>SIRET KADAKAS<\/td><td>\u00f5petaja assistent<\/td><\/tr><tr><td>KSENIA POTAPOVA<\/td><td>\u00f5petaja assistent<\/td><\/tr><tr><td>TATJANA T\u0160UVPILO<\/td><td>\u00f5petaja abi<\/td><\/tr><tr><td>OKSANA SAHNO<\/td><td>\u00f5petaja abi<\/td><\/tr><tr><td>JELENA SEMJONOVA<\/td><td>\u00f5petaja abi<\/td><\/tr><tr><td>JELENA SAMSONOVA<\/td><td>\u00f5petaja abi<\/td><\/tr><tr><td>TATIANA GREBENCHUK<\/td><td>\u00f5petaja abi<\/td><\/tr><tr><td>ALEKSANDRA TRUBKINA<\/td><td>\u00f5petaja abi<\/td><\/tr><tr><td>REGINA ALBERT<\/td><td>r\u00fchma assistent<\/td><\/tr><tr><td>IRINA JUDINA<\/td><td>maja perenaine<\/td><\/tr><\/tbody><\/table><\/figure>\n","protected":false},"excerpt":{"rendered":"<p>Nimi Amet LII JAIRUS direktor KRISTIN NAARITS \u00f5ppejuht, eripedagoog LILIANA VALL logopeed NELLI LEPISTE-RANNAVEER muusika\u00f5petaja MARI-ANN BUGRI liikumis\u00f5petaja TIIA UUDEBERG lasteaia\u00f5petaja RITA \u0160UMLJANSKI lasteaia\u00f5petaja, eesti keele \u00f5petaja KARIS \u00dcKSV\u00c4RAV lasteaia\u00f5petaja ELENA VARAVINA lasteaia\u00f5petaja DIANA KRUUSER lasteaia\u00f5petaja EVELY NEGUS \u00f5petaja assistent [&hellip;]<\/p>\n","protected":false},"author":2,"featured_media":0,"parent":0,"menu_order":0,"comment_status":"closed","ping_status":"closed","template":"","meta":{"ngg_post_thumbnail":0,"footnotes":""},"class_list":["post-123","page","type-page","status-publish","hentry"],"_links":{"self":[{"href":"https:\/\/www.lasteaedvikerkaar.ee\/index.php?rest_route=\/wp\/v2\/pages\/123","targetHints":{"allow":["GET"]}}],"collection":[{"href":"https:\/\/www.lasteaedvikerkaar.ee\/index.php?rest_route=\/wp\/v2\/pages"}],"about":[{"href":"https:\/\/www.lasteaedvikerkaar.ee\/index.php?rest_route=\/wp\/v2\/types\/page"}],"author":[{"embeddable":true,"href":"https:\/\/www.lasteaedvikerkaar.ee\/index.php?rest_route=\/wp\/v2\/users\/2"}],"replies":[{"embeddable":true,"href":"https:\/\/www.lasteaedvikerkaar.ee\/index.php?rest_route=%2Fwp%2Fv2%2Fcomments&post=123"}],"version-history":[{"count":16,"href":"https:\/\/www.lasteaedvikerkaar.ee\/index.php?rest_route=\/wp\/v2\/pages\/123\/revisions"}],"predecessor-version":[{"id":447,"href":"https:\/\/www.lasteaedvikerkaar.ee\/index.php?rest_route=\/wp\/v2\/pages\/123\/revisions\/447"}],"wp:attachment":[{"href":"https:\/\/www.lasteaedvikerkaar.ee\/index.php?rest_route=%2Fwp%2Fv2%2Fmedia&parent=123"}],"curies":[{"name":"wp","href":"https:\/\/api.w.org\/{rel}","templated":true}]}}